{"id":2156,"date":"2019-11-23T17:38:01","date_gmt":"2019-11-23T16:38:01","guid":{"rendered":"https:\/\/sorbier.djbcom.eu\/wat-kunt-u-doen-in-de-omgeving\/"},"modified":"2019-11-23T17:38:02","modified_gmt":"2019-11-23T16:38:02","slug":"wat-kunt-u-doen-in-de-omgeving","status":"publish","type":"page","link":"https:\/\/www.lesorbier.be\/nl\/wat-kunt-u-doen-in-de-omgeving\/","title":{"rendered":"Wat kunt U doen in de omgeving"},"content":{"rendered":"<p>[et_pb_section fb_built=&#8221;1&#8243; admin_label=&#8221;About Us&#8221; _builder_version=&#8221;3.22.3&#8243; custom_padding=&#8221;0px||0px|||&#8221;][et_pb_row _builder_version=&#8221;4.0.2&#8243;][et_pb_column type=&#8221;4_4&#8243; _builder_version=&#8221;4.0.2&#8243;][et_pb_post_title meta=&#8221;off&#8221; featured_image=&#8221;off&#8221; _builder_version=&#8221;3.23.3&#8243; title_font=&#8221;||||||||&#8221; text_orientation=&#8221;center&#8221;][\/et_pb_post_title][\/et_pb_column][\/et_pb_row][et_pb_row column_structure=&#8221;1_2,1_2&#8243; custom_padding_last_edited=&#8221;off|desktop&#8221; _builder_version=&#8221;4.0.2&#8243; custom_padding=&#8221;25px|0px|25px|0px|false|false&#8221; custom_padding_tablet=&#8221;|0px||0px||true&#8221;][et_pb_column type=&#8221;1_2&#8243; _builder_version=&#8221;3.25&#8243; custom_padding=&#8221;|||&#8221; custom_padding__hover=&#8221;|||&#8221;][et_pb_text _builder_version=&#8221;4.0.6&#8243; text_font=&#8221;||||||||&#8221; text_font_size=&#8221;16px&#8221; text_line_height=&#8221;2em&#8221; header_font=&#8221;||||||||&#8221; header_2_font=&#8221;Raleway|700|||||||&#8221; header_2_font_size=&#8221;50px&#8221; header_2_line_height=&#8221;1.4em&#8221; header_6_font=&#8221;Raleway|700||on|||||&#8221; header_6_font_size=&#8221;16px&#8221; header_6_letter_spacing=&#8221;5px&#8221; header_6_line_height=&#8221;1.8em&#8221; text_orientation=&#8221;justified&#8221; max_width=&#8221;700px&#8221; module_alignment=&#8221;center&#8221; custom_margin=&#8221;||24px|||&#8221; hover_enabled=&#8221;0&#8243; header_2_font_size_tablet=&#8221;35px&#8221; header_2_font_size_phone=&#8221;25px&#8221; header_2_font_size_last_edited=&#8221;on|phone&#8221; locked=&#8221;off&#8221;]<\/p>\n<p><img loading=\"lazy\" decoding=\"async\" src=\"https:\/\/sorbier.djbcom.eu\/wp-content\/uploads\/2019\/11\/randonneurs-300x199.jpg\" width=\"300\" height=\"199\" alt=\"Randonneurs\" class=\"wp-image-2074 alignleft size-medium\" \/>Les chambres d&#8217;h\u00f4tes Le Sorbier sont situ\u00e9es dans les Ardennes, juste \u00e0 c\u00f4t\u00e9 du parc naturel des Hautes Fagnes. Leur situation est id\u00e9ale pour pratiquer la randonn\u00e9e et autres balades \u00e0 pied ou \u00e0 v\u00e9lo ainsi que le VTT.<\/p>\n<p>Le circuit de Spa-Francorchamps est \u00e0 moins de 10 km ce qui fait des chambres d&#8217;h\u00f4tes un lieu de s\u00e9jour id\u00e9al pour le Grand Prix de Formule 1 et les diff\u00e9rentes courses qui s&#8217;y d\u00e9roulent.<img loading=\"lazy\" decoding=\"async\" src=\"https:\/\/sorbier.djbcom.eu\/wp-content\/uploads\/2019\/11\/spa-francorchamps-200x300.jpg\" width=\"200\" height=\"300\" alt=\"Circuit Spa Francorchamps\" class=\"wp-image-2077 alignright size-medium\" \/><\/p>\n<p>Les familles ont \u00e9galement tout \u00e0 proximit\u00e9 pour s&#8217;amuser: Plopsa et la cascade de Coo, le Malmundarium, l&#8217;Abbaye de Stavelot, les Grottes de Remouchamps, le Monde Sauvage d&#8217;Aywaille, les pistes de ski de fond et de ski alpin et de nombreuses autres attractions telles que sport nature, paintball, karting, kayak&#8230;<\/p>\n<p>[\/et_pb_text][\/et_pb_column][et_pb_column type=&#8221;1_2&#8243; _builder_version=&#8221;3.25&#8243; custom_padding=&#8221;|||&#8221; custom_padding__hover=&#8221;|||&#8221;][et_pb_text _builder_version=&#8221;4.0.6&#8243; text_font=&#8221;||||||||&#8221; text_font_size=&#8221;16px&#8221; text_line_height=&#8221;2em&#8221; header_font=&#8221;||||||||&#8221; header_2_font=&#8221;Raleway|700|||||||&#8221; header_2_font_size=&#8221;50px&#8221; header_2_line_height=&#8221;1.4em&#8221; header_6_font=&#8221;Raleway|700||on|||||&#8221; header_6_font_size=&#8221;16px&#8221; header_6_letter_spacing=&#8221;5px&#8221; header_6_line_height=&#8221;1.8em&#8221; text_orientation=&#8221;justified&#8221; max_width=&#8221;700px&#8221; module_alignment=&#8221;center&#8221; custom_margin=&#8221;-14px||24px|||&#8221; custom_padding=&#8221;0px|||||&#8221; hover_enabled=&#8221;0&#8243; header_2_font_size_tablet=&#8221;35px&#8221; header_2_font_size_phone=&#8221;25px&#8221; header_2_font_size_last_edited=&#8221;on|phone&#8221; locked=&#8221;off&#8221;]<\/p>\n<p style=\"text-align: justify;\"><div style=\"width: 310px\" class=\"wp-caption alignleft\"><img loading=\"lazy\" decoding=\"async\" width=\"300\" height=\"188\" src=\"https:\/\/www.ostbelgien.eu\/media\/cache\/3890_resized_700_700_90_5a003a0148209_s_38_malmedy_cwarme_09-c-rsi_malmedy.jpg\" alt=\"Carnaval Malmedy\" class=\"size-medium\" \/><p class=\"wp-caption-text\">\u00a9 RSI Malmedy<\/p><\/div><\/p>\n<p>D\u00e9couvrez aussi le folklore local en participant au Carnaval de Malmedy et au Laetare de Stavelot.<\/p>\n<p style=\"text-align: justify;\">Vous retrouverez de nombreuses id\u00e9es d&#8217;activit\u00e9s sur les sites touristiques de la r\u00e9gion:<\/p>\n<ul>\n<li style=\"text-align: justify;\"><a href=\"https:\/\/www.ostbelgien.eu\/fr\/\" target=\"_blank\" rel=\"noopener noreferrer\">Les Cantons de l&#8217;Est<\/a><\/li>\n<li style=\"text-align: justify;\"><a href=\"http:\/\/www.spa-hautesfagnes.be\/fr\" target=\"_blank\" rel=\"noopener noreferrer\">Spa &#8211; Hautes Fagnes<\/a><\/li>\n<li style=\"text-align: justify;\"><a href=\"http:\/\/www.ovatourisme.be\" target=\"_blank\" rel=\"noopener noreferrer\">Ourthe-Vesdre-Ambl\u00e8ve<\/a><\/li>\n<\/ul>\n<p style=\"text-align: justify;\"><strong>Envie d&#8217;un restaurant dans la r\u00e9gion ?<\/strong><br \/> R\u00e9servez votre restaurant avant votre arriv\u00e9e afin d&#8217;\u00e9viter qu&#8217;ils soient complets (surtout le week-end).<img loading=\"lazy\" decoding=\"async\" src=\"https:\/\/sorbier.djbcom.eu\/wp-content\/uploads\/2019\/11\/kayak-300x200.jpg\" width=\"300\" height=\"200\" alt=\"Kayak\" class=\"wp-image-2079 alignleft size-medium\" style=\"text-align: justify;\" \/><span style=\"text-align: justify;\"><\/span><\/p>\n<p>[\/et_pb_text][\/et_pb_column][\/et_pb_row][et_pb_row _builder_version=&#8221;4.0.2&#8243; custom_padding=&#8221;0px|||||&#8221;][et_pb_column type=&#8221;4_4&#8243; _builder_version=&#8221;4.0.2&#8243;][et_pb_image src=&#8221;https:\/\/sorbier.djbcom.eu\/wp-content\/uploads\/2019\/11\/hautes-fagnes.jpg&#8221; _builder_version=&#8221;4.0.2&#8243;][\/et_pb_image][\/et_pb_column][\/et_pb_row][\/et_pb_section][et_pb_section fb_built=&#8221;1&#8243; _builder_version=&#8221;3.29.3&#8243; background_color=&#8221;#5d5c5c&#8221; background_image=&#8221;https:\/\/sorbier.djbcom.eu\/wp-content\/uploads\/2019\/09\/190915-Malmedy_Le-Sorbier-0208.jpg&#8221; background_blend=&#8221;multiply&#8221; global_module=&#8221;123&#8243; saved_tabs=&#8221;all&#8221;][et_pb_row column_structure=&#8221;2_5,3_5&#8243; _builder_version=&#8221;3.25.2&#8243;][et_pb_column type=&#8221;2_5&#8243; _builder_version=&#8221;3.25.2&#8243;][et_pb_gallery gallery_ids=&#8221;1171,1173,1175,1209,1183,1177,1179,1252,1248,1250,1254,1256,1258,1181,1185,1187&#8243; fullwidth=&#8221;on&#8221; _builder_version=&#8221;3.29.3&#8243; background_layout=&#8221;dark&#8221; auto=&#8221;on&#8221; auto_speed=&#8221;3000&#8243; z_index_tablet=&#8221;500&#8243; title_text_shadow_horizontal_length_tablet=&#8221;0px&#8221; title_text_shadow_vertical_length_tablet=&#8221;0px&#8221; title_text_shadow_blur_strength_tablet=&#8221;1px&#8221; caption_text_shadow_horizontal_length_tablet=&#8221;0px&#8221; caption_text_shadow_vertical_length_tablet=&#8221;0px&#8221; caption_text_shadow_blur_strength_tablet=&#8221;1px&#8221; pagination_text_shadow_horizontal_length_tablet=&#8221;0px&#8221; pagination_text_shadow_vertical_length_tablet=&#8221;0px&#8221; pagination_text_shadow_blur_strength_tablet=&#8221;1px&#8221; box_shadow_horizontal_tablet=&#8221;0px&#8221; box_shadow_vertical_tablet=&#8221;0px&#8221; box_shadow_blur_tablet=&#8221;40px&#8221; box_shadow_spread_tablet=&#8221;0px&#8221; box_shadow_horizontal_image_tablet=&#8221;0px&#8221; box_shadow_vertical_image_tablet=&#8221;0px&#8221; box_shadow_blur_image_tablet=&#8221;40px&#8221; box_shadow_spread_image_tablet=&#8221;0px&#8221; text_shadow_horizontal_length_tablet=&#8221;0px&#8221; text_shadow_vertical_length_tablet=&#8221;0px&#8221; text_shadow_blur_strength_tablet=&#8221;1px&#8221;][\/et_pb_gallery][\/et_pb_column][et_pb_column type=&#8221;3_5&#8243; _builder_version=&#8221;3.25.2&#8243;][et_pb_blurb title=&#8221;Het huis en zijn faciliteiten&#8221; use_icon=&#8221;on&#8221; font_icon=&#8221;%%102%%&#8221; icon_color=&#8221;#ffffff&#8221; _builder_version=&#8221;3.29.3&#8243; header_level=&#8221;h3&#8243; header_font=&#8221;||||||||&#8221; text_orientation=&#8221;center&#8221; background_layout=&#8221;dark&#8221;][\/et_pb_blurb][et_pb_text _builder_version=&#8221;3.29.3&#8243; background_layout=&#8221;dark&#8221; z_index_tablet=&#8221;500&#8243; text_text_shadow_horizontal_length_tablet=&#8221;0px&#8221; text_text_shadow_vertical_length_tablet=&#8221;0px&#8221; text_text_shadow_blur_strength_tablet=&#8221;1px&#8221; link_text_shadow_horizontal_length_tablet=&#8221;0px&#8221; link_text_shadow_vertical_length_tablet=&#8221;0px&#8221; link_text_shadow_blur_strength_tablet=&#8221;1px&#8221; ul_text_shadow_horizontal_length_tablet=&#8221;0px&#8221; ul_text_shadow_vertical_length_tablet=&#8221;0px&#8221; ul_text_shadow_blur_strength_tablet=&#8221;1px&#8221; ol_text_shadow_horizontal_length_tablet=&#8221;0px&#8221; ol_text_shadow_vertical_length_tablet=&#8221;0px&#8221; ol_text_shadow_blur_strength_tablet=&#8221;1px&#8221; quote_text_shadow_horizontal_length_tablet=&#8221;0px&#8221; quote_text_shadow_vertical_length_tablet=&#8221;0px&#8221; quote_text_shadow_blur_strength_tablet=&#8221;1px&#8221; header_text_shadow_horizontal_length_tablet=&#8221;0px&#8221; header_text_shadow_vertical_length_tablet=&#8221;0px&#8221; header_text_shadow_blur_strength_tablet=&#8221;1px&#8221; header_2_text_shadow_horizontal_length_tablet=&#8221;0px&#8221; header_2_text_shadow_vertical_length_tablet=&#8221;0px&#8221; header_2_text_shadow_blur_strength_tablet=&#8221;1px&#8221; header_3_text_shadow_horizontal_length_tablet=&#8221;0px&#8221; header_3_text_shadow_vertical_length_tablet=&#8221;0px&#8221; header_3_text_shadow_blur_strength_tablet=&#8221;1px&#8221; header_4_text_shadow_horizontal_length_tablet=&#8221;0px&#8221; header_4_text_shadow_vertical_length_tablet=&#8221;0px&#8221; header_4_text_shadow_blur_strength_tablet=&#8221;1px&#8221; header_5_text_shadow_horizontal_length_tablet=&#8221;0px&#8221; header_5_text_shadow_vertical_length_tablet=&#8221;0px&#8221; header_5_text_shadow_blur_strength_tablet=&#8221;1px&#8221; header_6_text_shadow_horizontal_length_tablet=&#8221;0px&#8221; header_6_text_shadow_vertical_length_tablet=&#8221;0px&#8221; header_6_text_shadow_blur_strength_tablet=&#8221;1px&#8221; box_shadow_horizontal_tablet=&#8221;0px&#8221; box_shadow_vertical_tablet=&#8221;0px&#8221; box_shadow_blur_tablet=&#8221;40px&#8221; box_shadow_spread_tablet=&#8221;0px&#8221;]<\/p>\n<p style=\"text-align: justify;\">Een heerlijk ontbijt bestaande uit zorgvuldig geselecteerde biologische producten en lokale specialiteiten. Zelfgemaakt brood, jam, houmous, gebakjes, enz.<\/p>\n<p style=\"text-align: justify;\">Het terras biedt een prachtig uitzicht over de vallei van de Warche.<\/p>\n<p style=\"text-align: justify;\">Het huis heeft wifi en een compleet ingerichte keuken voor de gasten.<\/p>\n<p style=\"text-align: justify;\">Huisdieren zijn niet toegestaan in de accommodatie.<\/p>\n<p>[\/et_pb_text][\/et_pb_column][\/et_pb_row][et_pb_row column_structure=&#8221;2_3,1_3&#8243; _builder_version=&#8221;3.29.3&#8243;][et_pb_column type=&#8221;2_3&#8243; _builder_version=&#8221;3.29.3&#8243;][et_pb_blurb title=&#8221;Hoe zit het met een massage?&#8221; content_max_width=&#8221;100%&#8221; _builder_version=&#8221;3.29.3&#8243; header_text_align=&#8221;center&#8221; text_orientation=&#8221;justified&#8221; background_layout=&#8221;dark&#8221;]<\/p>\n<p>Een ontspannen reis omringd door de geur van heerlijke olie, gepaard gaand met het aanraken van uw lichaam. Een regelmatige massage verbetert uw lichamelijk en psychologisch evenwicht, ontpant uw vastzittende en stijve spieren en verzekert u van een moment van plezier en welzijn. Afhankelijk van uw wensen kunt u kiezen: oli\u00eb, poeder of hete stenen. Plus, het is ook een tijd van plezier en welzijn, en soms zelfs een beetje meer dan dat. <\/p>\n<p>Afhankelijk van uw wensen kunt u kiezen: oli\u00eb, poeder of hete stenen. Hij zal je bedanken voor het! De zachte, omhullende, ontspannende of soms meer verkwikkende behandeling staat synoniem voor een moment van sereniteit en innerlijke rust.<\/p>\n<p>Kiest u voor het Marokkaanse bad? Hier beleeft U gedurende 3 uur volledige ontspanning door middel van massages, scrubs en geuren die speciaal voor u zijn uitgezocht. Geniet van uw verblijf in Le Sorbier in combinatie met een behandeling!<\/p>\n<p>[\/et_pb_blurb][\/et_pb_column][et_pb_column type=&#8221;1_3&#8243; _builder_version=&#8221;3.29.3&#8243;][et_pb_image src=&#8221;https:\/\/sorbier.djbcom.eu\/wp-content\/uploads\/2019\/09\/190915-Malmedy_Le-Sorbier-0220-1.jpg&#8221; _builder_version=&#8221;3.29.3&#8243;][\/et_pb_image][\/et_pb_column][\/et_pb_row][\/et_pb_section]<\/p>\n","protected":false},"excerpt":{"rendered":"<p>Les chambres d&#8217;h\u00f4tes Le Sorbier sont situ\u00e9es dans les Ardennes, juste \u00e0 c\u00f4t\u00e9 du parc naturel des Hautes Fagnes. Leur situation est id\u00e9ale pour pratiquer la randonn\u00e9e et autres balades \u00e0 pied ou \u00e0 v\u00e9lo ainsi que le VTT. Le circuit de Spa-Francorchamps est \u00e0 moins de 10 km ce qui fait des chambres d&#8217;h\u00f4tes [&hellip;]<\/p>\n","protected":false},"author":1,"featured_media":0,"parent":0,"menu_order":0,"comment_status":"closed","ping_status":"closed","template":"","meta":{"_et_pb_use_builder":"on","_et_pb_old_content":"","_et_gb_content_width":"","footnotes":""},"class_list":["post-2156","page","type-page","status-publish","hentry"],"yoast_head":"<!-- This site is optimized with the Yoast SEO plugin v26.9 - https:\/\/yoast.com\/product\/yoast-seo-wordpress\/ -->\n<title>Wat kunt U doen in de omgeving - Le Sorbier<\/title>\n<meta name=\"robots\" content=\"index, follow, max-snippet:-1, max-image-preview:large, max-video-preview:-1\" \/>\n<link rel=\"canonical\" href=\"https:\/\/www.lesorbier.be\/nl\/wat-kunt-u-doen-in-de-omgeving\/\" \/>\n<meta property=\"og:locale\" content=\"nl_NL\" \/>\n<meta property=\"og:type\" content=\"article\" \/>\n<meta property=\"og:title\" content=\"Wat kunt U doen in de omgeving - Le Sorbier\" \/>\n<meta property=\"og:url\" content=\"https:\/\/www.lesorbier.be\/nl\/wat-kunt-u-doen-in-de-omgeving\/\" \/>\n<meta property=\"og:site_name\" content=\"Le Sorbier\" \/>\n<meta property=\"article:modified_time\" content=\"2019-11-23T16:38:02+00:00\" \/>\n<meta property=\"og:image\" content=\"https:\/\/sorbier.djbcom.eu\/wp-content\/uploads\/2019\/11\/randonneurs-300x199.jpg\" \/>\n<meta name=\"twitter:card\" content=\"summary_large_image\" \/>\n<meta name=\"twitter:label1\" content=\"Est. reading time\" \/>\n\t<meta name=\"twitter:data1\" content=\"6 minutes\" \/>\n<script type=\"application\/ld+json\" class=\"yoast-schema-graph\">{\"@context\":\"https:\/\/schema.org\",\"@graph\":[{\"@type\":\"WebPage\",\"@id\":\"https:\/\/www.lesorbier.be\/nl\/wat-kunt-u-doen-in-de-omgeving\/\",\"url\":\"https:\/\/www.lesorbier.be\/nl\/wat-kunt-u-doen-in-de-omgeving\/\",\"name\":\"Wat kunt U doen in de omgeving - Le Sorbier\",\"isPartOf\":{\"@id\":\"https:\/\/www.lesorbier.be\/nl\/#website\"},\"primaryImageOfPage\":{\"@id\":\"https:\/\/www.lesorbier.be\/nl\/wat-kunt-u-doen-in-de-omgeving\/#primaryimage\"},\"image\":{\"@id\":\"https:\/\/www.lesorbier.be\/nl\/wat-kunt-u-doen-in-de-omgeving\/#primaryimage\"},\"thumbnailUrl\":\"https:\/\/sorbier.djbcom.eu\/wp-content\/uploads\/2019\/11\/randonneurs-300x199.jpg\",\"datePublished\":\"2019-11-23T16:38:01+00:00\",\"dateModified\":\"2019-11-23T16:38:02+00:00\",\"breadcrumb\":{\"@id\":\"https:\/\/www.lesorbier.be\/nl\/wat-kunt-u-doen-in-de-omgeving\/#breadcrumb\"},\"inLanguage\":\"nl-NL\",\"potentialAction\":[{\"@type\":\"ReadAction\",\"target\":[\"https:\/\/www.lesorbier.be\/nl\/wat-kunt-u-doen-in-de-omgeving\/\"]}]},{\"@type\":\"ImageObject\",\"inLanguage\":\"nl-NL\",\"@id\":\"https:\/\/www.lesorbier.be\/nl\/wat-kunt-u-doen-in-de-omgeving\/#primaryimage\",\"url\":\"https:\/\/sorbier.djbcom.eu\/wp-content\/uploads\/2019\/11\/randonneurs-300x199.jpg\",\"contentUrl\":\"https:\/\/sorbier.djbcom.eu\/wp-content\/uploads\/2019\/11\/randonneurs-300x199.jpg\"},{\"@type\":\"BreadcrumbList\",\"@id\":\"https:\/\/www.lesorbier.be\/nl\/wat-kunt-u-doen-in-de-omgeving\/#breadcrumb\",\"itemListElement\":[{\"@type\":\"ListItem\",\"position\":1,\"name\":\"Home\",\"item\":\"https:\/\/www.lesorbier.be\/nl\/\"},{\"@type\":\"ListItem\",\"position\":2,\"name\":\"Wat kunt U doen in de omgeving\"}]},{\"@type\":\"WebSite\",\"@id\":\"https:\/\/www.lesorbier.be\/nl\/#website\",\"url\":\"https:\/\/www.lesorbier.be\/nl\/\",\"name\":\"Le Sorbier\",\"description\":\"Chambres d&#039;h\u00f4tes entre hautes-fagnes et Ardennes\",\"potentialAction\":[{\"@type\":\"SearchAction\",\"target\":{\"@type\":\"EntryPoint\",\"urlTemplate\":\"https:\/\/www.lesorbier.be\/nl\/?s={search_term_string}\"},\"query-input\":{\"@type\":\"PropertyValueSpecification\",\"valueRequired\":true,\"valueName\":\"search_term_string\"}}],\"inLanguage\":\"nl-NL\"}]}<\/script>\n<!-- \/ Yoast SEO plugin. -->","yoast_head_json":{"title":"Wat kunt U doen in de omgeving - Le Sorbier","robots":{"index":"index","follow":"follow","max-snippet":"max-snippet:-1","max-image-preview":"max-image-preview:large","max-video-preview":"max-video-preview:-1"},"canonical":"https:\/\/www.lesorbier.be\/nl\/wat-kunt-u-doen-in-de-omgeving\/","og_locale":"nl_NL","og_type":"article","og_title":"Wat kunt U doen in de omgeving - Le Sorbier","og_url":"https:\/\/www.lesorbier.be\/nl\/wat-kunt-u-doen-in-de-omgeving\/","og_site_name":"Le Sorbier","article_modified_time":"2019-11-23T16:38:02+00:00","og_image":[{"url":"https:\/\/sorbier.djbcom.eu\/wp-content\/uploads\/2019\/11\/randonneurs-300x199.jpg","type":"","width":"","height":""}],"twitter_card":"summary_large_image","twitter_misc":{"Est. reading time":"6 minutes"},"schema":{"@context":"https:\/\/schema.org","@graph":[{"@type":"WebPage","@id":"https:\/\/www.lesorbier.be\/nl\/wat-kunt-u-doen-in-de-omgeving\/","url":"https:\/\/www.lesorbier.be\/nl\/wat-kunt-u-doen-in-de-omgeving\/","name":"Wat kunt U doen in de omgeving - Le Sorbier","isPartOf":{"@id":"https:\/\/www.lesorbier.be\/nl\/#website"},"primaryImageOfPage":{"@id":"https:\/\/www.lesorbier.be\/nl\/wat-kunt-u-doen-in-de-omgeving\/#primaryimage"},"image":{"@id":"https:\/\/www.lesorbier.be\/nl\/wat-kunt-u-doen-in-de-omgeving\/#primaryimage"},"thumbnailUrl":"https:\/\/sorbier.djbcom.eu\/wp-content\/uploads\/2019\/11\/randonneurs-300x199.jpg","datePublished":"2019-11-23T16:38:01+00:00","dateModified":"2019-11-23T16:38:02+00:00","breadcrumb":{"@id":"https:\/\/www.lesorbier.be\/nl\/wat-kunt-u-doen-in-de-omgeving\/#breadcrumb"},"inLanguage":"nl-NL","potentialAction":[{"@type":"ReadAction","target":["https:\/\/www.lesorbier.be\/nl\/wat-kunt-u-doen-in-de-omgeving\/"]}]},{"@type":"ImageObject","inLanguage":"nl-NL","@id":"https:\/\/www.lesorbier.be\/nl\/wat-kunt-u-doen-in-de-omgeving\/#primaryimage","url":"https:\/\/sorbier.djbcom.eu\/wp-content\/uploads\/2019\/11\/randonneurs-300x199.jpg","contentUrl":"https:\/\/sorbier.djbcom.eu\/wp-content\/uploads\/2019\/11\/randonneurs-300x199.jpg"},{"@type":"BreadcrumbList","@id":"https:\/\/www.lesorbier.be\/nl\/wat-kunt-u-doen-in-de-omgeving\/#breadcrumb","itemListElement":[{"@type":"ListItem","position":1,"name":"Home","item":"https:\/\/www.lesorbier.be\/nl\/"},{"@type":"ListItem","position":2,"name":"Wat kunt U doen in de omgeving"}]},{"@type":"WebSite","@id":"https:\/\/www.lesorbier.be\/nl\/#website","url":"https:\/\/www.lesorbier.be\/nl\/","name":"Le Sorbier","description":"Chambres d&#039;h\u00f4tes entre hautes-fagnes et Ardennes","potentialAction":[{"@type":"SearchAction","target":{"@type":"EntryPoint","urlTemplate":"https:\/\/www.lesorbier.be\/nl\/?s={search_term_string}"},"query-input":{"@type":"PropertyValueSpecification","valueRequired":true,"valueName":"search_term_string"}}],"inLanguage":"nl-NL"}]}},"_links":{"self":[{"href":"https:\/\/www.lesorbier.be\/nl\/wp-json\/wp\/v2\/pages\/2156","targetHints":{"allow":["GET"]}}],"collection":[{"href":"https:\/\/www.lesorbier.be\/nl\/wp-json\/wp\/v2\/pages"}],"about":[{"href":"https:\/\/www.lesorbier.be\/nl\/wp-json\/wp\/v2\/types\/page"}],"author":[{"embeddable":true,"href":"https:\/\/www.lesorbier.be\/nl\/wp-json\/wp\/v2\/users\/1"}],"replies":[{"embeddable":true,"href":"https:\/\/www.lesorbier.be\/nl\/wp-json\/wp\/v2\/comments?post=2156"}],"version-history":[{"count":1,"href":"https:\/\/www.lesorbier.be\/nl\/wp-json\/wp\/v2\/pages\/2156\/revisions"}],"predecessor-version":[{"id":2157,"href":"https:\/\/www.lesorbier.be\/nl\/wp-json\/wp\/v2\/pages\/2156\/revisions\/2157"}],"wp:attachment":[{"href":"https:\/\/www.lesorbier.be\/nl\/wp-json\/wp\/v2\/media?parent=2156"}],"curies":[{"name":"wp","href":"https:\/\/api.w.org\/{rel}","templated":true}]}}